{"id":364,"date":"2024-03-05T17:03:15","date_gmt":"2024-03-05T16:03:15","guid":{"rendered":"https:\/\/www.ringiermedienschweiz.ch\/legal-notice\/"},"modified":"2024-03-05T17:32:02","modified_gmt":"2024-03-05T16:32:02","slug":"impressum","status":"publish","type":"page","link":"https:\/\/www.ringiermedienschweiz.ch\/de\/impressum\/","title":{"rendered":"Impressum"},"content":{"rendered":"<div class=\"field-item even\">\n<div class=\"ds-1col entity entity-paragraphs-item paragraphs-item-text background-white view-mode-full_width clearfix\">\n<div class=\"content-wrapper\">\n<div class=\"field field-name-field-text field-type-text-long field-label-hidden\">\n<div class=\"field-items\">\n<div class=\"field-item even\">\n<p><span style=\"font-weight: 400;\">Die Inhalte der Ringier Medien Schweiz Website werden sorgf\u00e4ltig gepflegt und sind urheberrechtlich gesch\u00fctzt. Ringier \u00fcbernimmt keine Verantwortung f\u00fcr den Inhalt externer Links.<\/span><\/p>\n<p><b>Konzept und Inhalte:<\/b><\/p>\n<ul>\n<li><span style=\"font-weight: 400;\">Ringier Corporate Communications<\/span><\/li>\n<\/ul>\n<p><b>Technology:<\/b><\/p>\n<ul>\n<li><span style=\"font-weight: 400;\">Ringier S\u00fcdafrika<\/span><\/li>\n<\/ul>\n<p><b>Usability und Design:<\/b><\/p>\n<ul>\n<li style=\"font-weight: 400;\" aria-level=\"1\"><span style=\"font-weight: 400;\">Ringier S\u00fcdafrika <\/span><\/li>\n<li style=\"font-weight: 400;\" aria-level=\"1\"><span style=\"font-weight: 400;\">FS Parker AG<\/span><\/li>\n<\/ul>\n<p><span style=\"font-weight: 400;\">F\u00fcr Fragen zur Website wenden Sie sich bitte an Ringier Corporate Communications:<\/span><\/p>\n<p><span style=\"font-weight: 400;\">Ringier AG<br \/>\n<\/span><span style=\"font-weight: 400;\">Corporate Communications<br \/>\n<\/span><span style=\"font-weight: 400;\">Dufourstrasse 23<br \/>\n<\/span><span style=\"font-weight: 400;\">8008 Z\u00fcrich<\/span><span style=\"font-weight: 400;\"><br \/>\n<\/span><span style=\"font-weight: 400;\">Schweiz<\/span><span style=\"font-weight: 400;\"><br \/>\n<\/span><span style=\"font-weight: 400;\">+41 44 259 64 44<\/span><span style=\"font-weight: 400;\"><br \/>\n<\/span><a href=\"mailto:media@ringier.ch\"><span style=\"font-weight: 400;\">media@ringier.ch<\/span><\/a><\/p>\n<p><span style=\"font-weight: 400;\"><strong>Registrierter Sitz:\u00a0<\/strong><br \/>\n<\/span><span style=\"font-weight: 400;\">Ringier AG<br \/>\n<\/span><span style=\"font-weight: 400;\">Br\u00fchlstrasse 5<br \/>\n<\/span><span style=\"font-weight: 400;\">4800 Zofingen<br \/>\n<\/span><span style=\"font-weight: 400;\">Schweiz<\/span><\/p>\n<p>&nbsp;<\/p>\n<\/div>\n<\/div>\n<\/div>\n<\/div>\n<\/div>\n<\/div>\n","protected":false},"excerpt":{"rendered":"<p>Die Inhalte der Ringier Medien Schweiz Website werden sorgf\u00e4ltig gepflegt und sind urheberrechtlich gesch\u00fctzt. Ringier \u00fcbernimmt keine Verantwortung f\u00fcr den Inhalt externer Links. Konzept und Inhalte: Ringier Corporate Communications Technology: Ringier S\u00fcdafrika Usability und Design: Ringier S\u00fcdafrika FS Parker AG F\u00fcr Fragen zur Website wenden Sie sich bitte an Ringier Corporate Communications: Ringier AG Corporate [&hellip;]<\/p>\n","protected":false},"author":1,"featured_media":0,"parent":0,"menu_order":0,"comment_status":"closed","ping_status":"closed","template":"","meta":{"inline_featured_image":false},"product":[],"class_list":["post-364","page","type-page","status-publish","hentry"],"yoast_head":"<!-- This site is optimized with the Yoast SEO Premium plugin v25.5 (Yoast SEO v25.8) - https:\/\/yoast.com\/wordpress\/plugins\/seo\/ -->\n<title>Impressum - Ringier Media Switzerland<\/title>\n<meta name=\"robots\" content=\"index, follow, max-snippet:-1, max-image-preview:large, max-video-preview:-1\" \/>\n<link rel=\"canonical\" href=\"https:\/\/www.ringiermedienschweiz.ch\/de\/impressum\/\" \/>\n<meta property=\"og:locale\" content=\"de_DE\" \/>\n<meta property=\"og:type\" content=\"article\" \/>\n<meta property=\"og:title\" content=\"Impressum\" \/>\n<meta property=\"og:description\" content=\"Die Inhalte der Ringier Medien Schweiz Website werden sorgf\u00e4ltig gepflegt und sind urheberrechtlich gesch\u00fctzt. Ringier \u00fcbernimmt keine Verantwortung f\u00fcr den Inhalt externer Links. Konzept und Inhalte: Ringier Corporate Communications Technology: Ringier S\u00fcdafrika Usability und Design: Ringier S\u00fcdafrika FS Parker AG F\u00fcr Fragen zur Website wenden Sie sich bitte an Ringier Corporate Communications: Ringier AG Corporate [&hellip;]\" \/>\n<meta property=\"og:url\" content=\"https:\/\/www.ringiermedienschweiz.ch\/de\/impressum\/\" \/>\n<meta property=\"og:site_name\" content=\"Ringier Media Switzerland\" \/>\n<meta property=\"article:modified_time\" content=\"2024-03-05T16:32:02+00:00\" \/>\n<meta name=\"twitter:card\" content=\"summary_large_image\" \/>\n<meta name=\"twitter:label1\" content=\"Gesch\u00e4tzte Lesezeit\" \/>\n\t<meta name=\"twitter:data1\" content=\"1 Minute\" \/>\n<script type=\"application\/ld+json\" class=\"yoast-schema-graph\">{\"@context\":\"https:\/\/schema.org\",\"@graph\":[{\"@type\":\"WebPage\",\"@id\":\"https:\/\/www.ringiermedienschweiz.ch\/de\/impressum\/\",\"url\":\"https:\/\/www.ringiermedienschweiz.ch\/de\/impressum\/\",\"name\":\"Impressum - Ringier Media Switzerland\",\"isPartOf\":{\"@id\":\"https:\/\/www.ringiermedienschweiz.ch\/de\/#website\"},\"datePublished\":\"2024-03-05T16:03:15+00:00\",\"dateModified\":\"2024-03-05T16:32:02+00:00\",\"breadcrumb\":{\"@id\":\"https:\/\/www.ringiermedienschweiz.ch\/de\/impressum\/#breadcrumb\"},\"inLanguage\":\"de-DE\",\"potentialAction\":[{\"@type\":\"ReadAction\",\"target\":[\"https:\/\/www.ringiermedienschweiz.ch\/de\/impressum\/\"]}]},{\"@type\":\"BreadcrumbList\",\"@id\":\"https:\/\/www.ringiermedienschweiz.ch\/de\/impressum\/#breadcrumb\",\"itemListElement\":[{\"@type\":\"ListItem\",\"position\":1,\"name\":\"Home\",\"item\":\"https:\/\/www.ringiermedienschweiz.ch\/de\/home\/\"},{\"@type\":\"ListItem\",\"position\":2,\"name\":\"Impressum\"}]},{\"@type\":\"WebSite\",\"@id\":\"https:\/\/www.ringiermedienschweiz.ch\/de\/#website\",\"url\":\"https:\/\/www.ringiermedienschweiz.ch\/de\/\",\"name\":\"Ringier Media Switzerland\",\"description\":\"We inform. We entertain. We connect\",\"potentialAction\":[{\"@type\":\"SearchAction\",\"target\":{\"@type\":\"EntryPoint\",\"urlTemplate\":\"https:\/\/www.ringiermedienschweiz.ch\/de\/?s={search_term_string}\"},\"query-input\":{\"@type\":\"PropertyValueSpecification\",\"valueRequired\":true,\"valueName\":\"search_term_string\"}}],\"inLanguage\":\"de-DE\"}]}<\/script>\n<!-- \/ Yoast SEO Premium plugin. -->","yoast_head_json":{"title":"Impressum - Ringier Media Switzerland","robots":{"index":"index","follow":"follow","max-snippet":"max-snippet:-1","max-image-preview":"max-image-preview:large","max-video-preview":"max-video-preview:-1"},"canonical":"https:\/\/www.ringiermedienschweiz.ch\/de\/impressum\/","og_locale":"de_DE","og_type":"article","og_title":"Impressum","og_description":"Die Inhalte der Ringier Medien Schweiz Website werden sorgf\u00e4ltig gepflegt und sind urheberrechtlich gesch\u00fctzt. Ringier \u00fcbernimmt keine Verantwortung f\u00fcr den Inhalt externer Links. Konzept und Inhalte: Ringier Corporate Communications Technology: Ringier S\u00fcdafrika Usability und Design: Ringier S\u00fcdafrika FS Parker AG F\u00fcr Fragen zur Website wenden Sie sich bitte an Ringier Corporate Communications: Ringier AG Corporate [&hellip;]","og_url":"https:\/\/www.ringiermedienschweiz.ch\/de\/impressum\/","og_site_name":"Ringier Media Switzerland","article_modified_time":"2024-03-05T16:32:02+00:00","twitter_card":"summary_large_image","twitter_misc":{"Gesch\u00e4tzte Lesezeit":"1 Minute"},"schema":{"@context":"https:\/\/schema.org","@graph":[{"@type":"WebPage","@id":"https:\/\/www.ringiermedienschweiz.ch\/de\/impressum\/","url":"https:\/\/www.ringiermedienschweiz.ch\/de\/impressum\/","name":"Impressum - Ringier Media Switzerland","isPartOf":{"@id":"https:\/\/www.ringiermedienschweiz.ch\/de\/#website"},"datePublished":"2024-03-05T16:03:15+00:00","dateModified":"2024-03-05T16:32:02+00:00","breadcrumb":{"@id":"https:\/\/www.ringiermedienschweiz.ch\/de\/impressum\/#breadcrumb"},"inLanguage":"de-DE","potentialAction":[{"@type":"ReadAction","target":["https:\/\/www.ringiermedienschweiz.ch\/de\/impressum\/"]}]},{"@type":"BreadcrumbList","@id":"https:\/\/www.ringiermedienschweiz.ch\/de\/impressum\/#breadcrumb","itemListElement":[{"@type":"ListItem","position":1,"name":"Home","item":"https:\/\/www.ringiermedienschweiz.ch\/de\/home\/"},{"@type":"ListItem","position":2,"name":"Impressum"}]},{"@type":"WebSite","@id":"https:\/\/www.ringiermedienschweiz.ch\/de\/#website","url":"https:\/\/www.ringiermedienschweiz.ch\/de\/","name":"Ringier Media Switzerland","description":"We inform. We entertain. We connect","potentialAction":[{"@type":"SearchAction","target":{"@type":"EntryPoint","urlTemplate":"https:\/\/www.ringiermedienschweiz.ch\/de\/?s={search_term_string}"},"query-input":{"@type":"PropertyValueSpecification","valueRequired":true,"valueName":"search_term_string"}}],"inLanguage":"de-DE"}]}},"_links":{"self":[{"href":"https:\/\/www.ringiermedienschweiz.ch\/de\/wp-json\/wp\/v2\/pages\/364","targetHints":{"allow":["GET"]}}],"collection":[{"href":"https:\/\/www.ringiermedienschweiz.ch\/de\/wp-json\/wp\/v2\/pages"}],"about":[{"href":"https:\/\/www.ringiermedienschweiz.ch\/de\/wp-json\/wp\/v2\/types\/page"}],"author":[{"embeddable":true,"href":"https:\/\/www.ringiermedienschweiz.ch\/de\/wp-json\/wp\/v2\/users\/1"}],"replies":[{"embeddable":true,"href":"https:\/\/www.ringiermedienschweiz.ch\/de\/wp-json\/wp\/v2\/comments?post=364"}],"version-history":[{"count":0,"href":"https:\/\/www.ringiermedienschweiz.ch\/de\/wp-json\/wp\/v2\/pages\/364\/revisions"}],"wp:attachment":[{"href":"https:\/\/www.ringiermedienschweiz.ch\/de\/wp-json\/wp\/v2\/media?parent=364"}],"wp:term":[{"taxonomy":"product","embeddable":true,"href":"https:\/\/www.ringiermedienschweiz.ch\/de\/wp-json\/wp\/v2\/product?post=364"}],"curies":[{"name":"wp","href":"https:\/\/api.w.org\/{rel}","templated":true}]}}