{"id":413,"date":"2024-03-25T15:31:58","date_gmt":"2024-03-25T14:31:58","guid":{"rendered":"https:\/\/www.ringiermedienschweiz.ch\/?page_id=413"},"modified":"2026-03-04T10:02:37","modified_gmt":"2026-03-04T09:02:37","slug":"gewinnspiel-teilnahmebedingungen","status":"publish","type":"page","link":"https:\/\/www.ringiermedienschweiz.ch\/de\/gewinnspiel-teilnahmebedingungen\/","title":{"rendered":"Teilnahmebedingungen Gewinnspiele"},"content":{"rendered":"<h2><b>Teilnahmebedingungen Gewinnspiele von Ringier AG<\/b><\/h2>\n<p>&nbsp;<\/p>\n<p><span style=\"font-weight: 400;\">Ringier AG, Ringier Medien Schweiz, bietet selber oder in Zusammenarbeit mit Kooperationspartnern verschiedene Gewinnspiele an. Je nach Gewinnspiel k\u00f6nnen als Gewinnspielbetreiber jeweils Ringier AG selbst, sowie aber einer oder auch mehrere der Kooperationspartner direkt auftreten. Nachfolgend wird die f\u00fcr die Durchf\u00fchrung eines Gewinnspiels verantwortliche Partei als \u00abGewinnspielbetreiber\u00bb bezeichnet. Die Teilnahme an diesen Gewinnspielen und deren Durchf\u00fchrung richtet sich nach folgenden Bestimmungen.<br \/>\n<\/span><\/p>\n<h3><span style=\"font-weight: 400;\"><strong>\u00a71 Gewinnspiel<\/strong><br \/>\n<\/span><\/h3>\n<p><span style=\"font-weight: 400;\">(1) Die Gewinnspiele werden von Ringier AG oder in Kooperation mit verschiedenen Partnern von Ringier AG durchgef\u00fchrt.<br \/>\n<\/span><\/p>\n<p><span style=\"font-weight: 400;\">(2) An den Gewinnspielen kann via Anruf, SMS oder Gratisteilnahme bzw. gem\u00e4ss Vorgehen, das beim jeweiligen Gewinnspiel beschrieben ist, teilgenommen werden.<br \/>\n<\/span><\/p>\n<p><span style=\"font-weight: 400;\">(3) Gewisse Gewinnspiele erfordern eine Registrierung bzw. ein Log-in bei OneLog und unterliegen zus\u00e4tzlich zu diesen Teilnahmebedingungen den Allgemeinen Gesch\u00e4ftsbedingungen und Datenschutzbestimmungen von OneLog. Ob eine Registrierung bei OneLog erforderlich ist, wird jeweils an geeigneter Stelle angezeigt. OneLog ist ein kostenloser Registrierungs- und Log-in-Dienst f\u00fcr die Nutzung von digitalen Angeboten von Medienunternehmen in der Schweiz, welches von OneLog AG, Z\u00fcrich, betrieben wird.<br \/>\n<\/span><\/p>\n<p><span style=\"font-weight: 400;\">(4) Gewisse Gewinnspiele sind Teil einer periodischen Verlosung (z.B. Jahres-, Quartals-, Monats-Verlosung, etc.). Bei Gewinnspielen, die eine Jahresverlosung vorsehen, wird die Verlosung jeweils bis zum 31. Dezember des laufenden Kalenderjahres durchgef\u00fchrt. Alle anderen Verlosungsdaten sind jeweils in der Ausschreibung des Gewinnspiels publiziert und k\u00f6nnen auch beim Gewinnspielbetreiber kostenlos angefragt werden.<br \/>\n<\/span><\/p>\n<p><span style=\"font-weight: 400;\">(5) Bei gewissen Gewinnspielen hat der Teilnehmer an einem Quiz oder Tippspiel mitzumachen, um an der Verlosung teilnehmen zu k\u00f6nnen.<br \/>\n<\/span><\/p>\n<h3><span style=\"font-weight: 400;\"><strong>\u00a72 Teilnahmeberechtigung<\/strong><br \/>\n<\/span><\/h3>\n<p><span style=\"font-weight: 400;\">(1) Soweit nicht anders vermerkt, sind alle Personen ab dem 16. Lebensjahr teilnahmeberechtigt.<br \/>\n<\/span><\/p>\n<p><span style=\"font-weight: 400;\">(2) Um an den Gewinnspielen teilnehmen zu d\u00fcrfen, ist es erforderlich, dass s\u00e4mtliche Angaben zur Person der Wahrheit entsprechen.<br \/>\n<\/span><\/p>\n<p><span style=\"font-weight: 400;\">(3) Teilnehmer m\u00fcssen ihren Wohnsitz in der Schweiz haben. Teilnehmer aus dem Ausland sind nicht teilnahmeberechtigt.<br \/>\n<\/span><\/p>\n<p><span style=\"font-weight: 400;\">(4) Mitarbeiter und deren Angeh\u00f6rige von Ringier AG sowie Tochtergesellschaften und der Kooperationspartner des Gewinnspiels sind von den Gewinnspielen ausgeschlossen.<br \/>\n<\/span><\/p>\n<h3><span style=\"font-weight: 400;\"><strong>\u00a73 Ausschluss von den Gewinnspielen<\/strong><br \/>\n<\/span><\/h3>\n<p><span style=\"font-weight: 400;\">(1) Bei einem Verstoss gegen die Teilnahmebedingungen beh\u00e4lt sich der Gewinnspielbetreiber das Recht vor, die entsprechenden Personen vom Gewinnspiel auszuschliessen.<br \/>\n<\/span><\/p>\n<p><span style=\"font-weight: 400;\">(2) Alle Personen, die sich unerlaubter Hilfsmittel bedienen oder sich anderweitig durch Manipulation Vorteile verschaffen, werden von der Teilnahme ausgeschlossen. Es k\u00f6nnen in diesen F\u00e4llen auch nachtr\u00e4glich Gewinne aberkannt und zur\u00fcckgefordert werden.<br \/>\n<\/span><\/p>\n<h3><span style=\"font-weight: 400;\"><strong>\u00a74 Durchf\u00fchrung und Abwicklung der Gewinnspiele<\/strong><br \/>\n<\/span><\/h3>\n<p><span style=\"font-weight: 400;\">(1) Die technische Durchf\u00fchrung der Gewinnspiele obliegt dem Gewinnspielbetreiber. Die Gewinnspiele basieren auf einer Zufallsziehung. Die Bedingungen der Ziehung liegen alleine im Verantwortungsbereich des Gewinnspielbetreibers.<br \/>\n<\/span><\/p>\n<p><span style=\"font-weight: 400;\">(2) Der Einsendeschluss ist jeweils beim betreffenden Gewinnspiel angegeben. Zur \u00dcberpr\u00fcfung der Einhaltung des Einsendeschlusses dient jeweils der elektronisch protokollierte Eingang bzw. bei Talons das Datum des Poststempels.<br \/>\n<\/span><\/p>\n<p><span style=\"font-weight: 400;\">(3) Die Lieferbedingungen der Gewinne werden vom Gewinnspielbetreiber und dessen Kooperationspartnern festgelegt und in der Ausschreibung des Gewinnspiels bekanntgegeben.<br \/>\n<\/span><\/p>\n<p><span style=\"font-weight: 400;\">(4) Die Gewinner werden vom Gewinnspielbetreiber oder dessen Kooperationspartner benachrichtigt.<br \/>\n<\/span><\/p>\n<p><span style=\"font-weight: 400;\">(5) Der Gewinnspielbetreiber und Ringier AG (falls Ringier AG nicht der Gewinnspielbetreiber ist) behalten sich das Recht vor, den Namen, Nickname (je nach Gewinnspiel), Wohnort, ein Bild bzw. Icon und das Alter des Gewinners namentlich und bildlich im Internet, Printmedien, TV oder auf Social Media Kan\u00e4len zu ver\u00f6ffentlichen. Bei Tippspielen kann der Gewinnspielbetreiber eine Rangliste ver\u00f6ffentlichen, in der die Nicknames und Bilder bzw. Icons der Teilnehmer publiziert werden. Der Gewinner erkl\u00e4rt sich mit dieser Form der Ver\u00f6ffentlichung ausdr\u00fccklich einverstanden und gew\u00e4hrleistet gegen\u00fcber dem Gewinnspielbetreiber, dass er alle Rechte am vom ihm hochgeladenen Bilder bzw. Icon besitzt.<br \/>\n<\/span><\/p>\n<p><span style=\"font-weight: 400;\">(6) Der Gewinnspielbetreiber bzw. Ringier AG (falls Ringier AG nicht der Gewinnspielbetreiber ist) sind berechtigt, alle Daten des Gewinners an die Kooperationspartner zu \u00fcbermitteln, um so eine Auslieferung des Gewinns zu erm\u00f6glichen.<br \/>\n<\/span><\/p>\n<p><span style=\"font-weight: 400;\">(7) Alle Bargeldgewinne werden dem Gewinner per Bank\u00fcberweisung zugestellt. Mit der \u00dcberweisung des Bargeldgewinns wird der Gewinnspielbetreiber von seiner Leistungspflicht befreit. Kann eine Auszahlung, aus Gr\u00fcnden die nicht vom Gewinnspielbetreiber zu vertreten sind, nicht erfolgen, verf\u00e4llt der Gewinn sowie auch alle Anspr\u00fcche gegen den Gewinnspielbetreiber.<br \/>\n<\/span><\/p>\n<p><span style=\"font-weight: 400;\">(8) In einigen F\u00e4llen muss der Gewinn vom Gewinner selbst abgeholt werden, dies gilt vor allem bei grossen Sachpreisen (z.B. Autos, TV-Ger\u00e4te, etc.). In solchen F\u00e4llen wird dem Gewinner der f\u00fcr die Auslieferung des Gewinns zust\u00e4ndige H\u00e4ndler genannt. Holt der Gewinner nicht innerhalb einer bestimmten, ihm mitgeteilten Frist seinen Gewinn beim zust\u00e4ndigen H\u00e4ndler ab, so verf\u00e4llt der Gewinn und auch der Anspruch gegen den Gewinnspielbetreiber. Die Abholfrist wird dem Gewinner fr\u00fchzeitig mitgeteilt. Alle Kosten, die durch die Abholung verursacht werden, sowie alle weiteren Folgekosten (Steuern, Kraftstoff, Reparaturen, Versicherung, etc.) und eventuell entstandene Transportsch\u00e4den (ab dem Abholungsort) tr\u00e4gt der Gewinner selbst.<br \/>\n<\/span><\/p>\n<p><span style=\"font-weight: 400;\">(9) Bei Reisegewinnen kann die komplette Abwicklung des Gewinns \u00fcber einen Reiseveranstalter erfolgen. Der Reiseveranstalter kontaktiert den Gewinner, sobald er vom Gewinnspielbetreiber alle Daten erhalten hat. Sofern nicht schriftlich anders vereinbart, muss der Gewinner die Reise zu dem vom Reiseveranstalter festgesetzten Termin antreten und durchf\u00fchren. Befolgt der Gewinner diesen Termin nicht, so besteht kein Anspruch mehr auf den Gewinn und der Anspruch gegen den Gewinnspielbetreiber erlischt. Sobald der Gewinner die Reise best\u00e4tigt, unterliegt er den Reisebedingungen des Reiseveranstalters. Die An- und Abreise zum Ausgangspunkt der Reise (z.B. Flughafen, Bahnhof, etc.), sowie deren Folgekosten tr\u00e4gt der Gewinner selbst. Des Weiteren tr\u00e4gt er auch s\u00e4mtliche privaten Kosten (Minibar, Telefon, Versicherung, etc.), die w\u00e4hrend der Reise entstehen.<br \/>\n<\/span><\/p>\n<p><span style=\"font-weight: 400;\">(10) Die Einl\u00f6sung eines Gewinns kann aufgrund von Ereignissen h\u00f6herer Gewalt, beh\u00f6rdlichen Auflagen\/Einschr\u00e4nkungen (z.B. Sicherheitsauflagen, gesundheitspolizeiliche Massnahmen, Streiks, etc.) oder aus anderen vom Gewinnspielbetreiber nicht zu vertretenden Gr\u00fcnden (z. B. Absage oder Programm\u00e4nderung durch den Veranstalter oder K\u00fcnstler, etc.) kurzfristig angepasst, verschoben oder abgesagt werden. Die Gewinnerin bzw. der Gewinner hat bei Absagen, Verschiebungen oder bei Nichterf\u00fcllung von Zutrittsvoraussetzungen keinen Anspruch auf Ersatz oder Barauszahlung des Gewinns.<br \/>\n<\/span><\/p>\n<p><span style=\"font-weight: 400;\">(11) Barauszahlungen oder Ersatz der Gewinne sind grunds\u00e4tzlich nicht m\u00f6glich. Ein Gewinnanspruch ist nicht auf eine andere Person \u00fcbertragbar. Bei Firmenliquidationen des Kooperationspartners verfallen die Gewinne ohne Anspruch gegen den Gewinnspielbetreiber. Der Gewinnspielbetreiber ist berechtigt, im Fall von Lieferengp\u00e4ssen oder Nichtverf\u00fcgbarkeit eines Gewinns einen Ersatzgewinn auszuh\u00e4ndigen, der im Wesentlichen dem urspr\u00fcnglichen Gewinn entspricht.<br \/>\n<\/span><\/p>\n<p><span style=\"font-weight: 400;\">(12) Der Gewinn verf\u00e4llt, wenn sich die Gewinnerin bzw. der Gewinner nicht innert n\u00fctzlicher Frist (maximal 48 Stunden) nach der Gewinnbenachrichtigung meldet oder innerhalb dieser Frist nicht erreicht werden kann. In beiden F\u00e4llen kann eine Ersatzgewinnerin bzw. ein Ersatzgewinner ausgelost werden.<\/span><\/p>\n<p><span style=\"font-weight: 400;\">(13) Die Preise sind pers\u00f6nlich und der Gewinnspielbetreiber beh\u00e4lt sich vor, bei Verdacht auf Zuwiderhandlung die betreffenden Gewinner abzumahnen, und die Preise verlieren ihre G\u00fcltigkeit. Des Weiteren beh\u00e4lt sich der Gewinnspielbetreiber vor, die betreffenden Personen zuk\u00fcnftig von der Teilnahme bei weiteren Gewinnspiele von Ringier AG auszuschliessen.<br \/>\n<\/span><\/p>\n<p><span style=\"font-weight: 400;\">(14) Der Verkauf von jeglichen bei Wettbewerben oder Verlosungen gewonnenen Preise ist verboten.<br \/>\n<\/span><\/p>\n<h3><span style=\"font-weight: 400;\"><strong>\u00a75 Auszahlung Preise<\/strong><br \/>\n<\/span><\/h3>\n<p><span style=\"font-weight: 400;\">(1) Bei Bargewinnen und Wertgutscheinen ab CHF 1\u2018101.- zieht der Gewinnspielbetreiber 35% des Gewinns (Verrechnungssteuer) vor \u00dcberweisung an den Gewinner ab. Der Gewinner erh\u00e4lt vom Gewinnspielbetreiber eine Best\u00e4tigung zur R\u00fcckforderung der Verrechnungssteuer, welche der pers\u00f6nlichen Steuererkl\u00e4rung beigelegt werden muss. Der Gewinner ist verpflichtet Gewinne ab CHF 1\u2018101.- in seiner pers\u00f6nlichen Steuererkl\u00e4rung zu deklarieren.<br \/>\n<\/span><\/p>\n<p><span style=\"font-weight: 400;\">(2) Bei Naturalgewinnen (wie Sachgutscheine, Autos, etc.) ab CHF 1\u2018101.- muss der Gewinner dem Gewinnspielbetreiber eine Wohnsitzbest\u00e4tigung zusenden, welche er auf eigene Kosten bei der zust\u00e4ndigen Amtsstelle einholen muss. Vor Zusendung der Wohnsitzbest\u00e4tigung kann der Preis dem Gewinner nicht ausgeh\u00e4ndigt werden. Wird die Wohnsitzbest\u00e4tigung nicht innert Frist (maximal innert 10 Arbeitstagen) vorgelegt, verf\u00e4llt der Gewinn ohne Ersatzanspruch. Der Gewinner ist verpflichtet Naturalgewinne ab CHF 1\u2018101.- in seiner pers\u00f6nlichen Steuererkl\u00e4rung zu deklarieren.<\/span><\/p>\n<h3><span style=\"font-weight: 400;\"><br \/>\n<strong>\u00a76 Vorzeitige Beendigung des Gewinnspie<\/strong>ls<\/span><\/h3>\n<p><span style=\"font-weight: 400;\"><br \/>\nDer Gewinnspielbetreiber beh\u00e4lt sich das Recht vor, jedes Gewinnspiel zu jedem Zeitpunkt und ohne jegliche Vorank\u00fcndigung abzubrechen oder zu beenden. Von diesem Recht macht der Gewinnspielbetreiber insbesondere dann Gebrauch, wenn aus technischen oder rechtlichen Gr\u00fcnden eine ordnungsgem\u00e4sse Durchf\u00fchrung der Gewinnspiele nicht mehr gew\u00e4hrleistet werden kann. Sofern eine derartige Beendigung des Gewinnspiels durch das Verhalten eines Teilnehmers verursacht wurde, kann der Gewinnspielbetreiber von dieser Person verlangen, den dem Gewinnspielbetreiber entstandenen Schaden zu ersetzen.<br \/>\n<\/span><\/p>\n<h3><span style=\"font-weight: 400;\"><strong>\u00a77 Datenschutz<\/strong><br \/>\n<\/span><\/h3>\n<p><span style=\"font-weight: 400;\">(1) Der Teilnehmer \u00abregistriert\u00bb sich automatisch f\u00fcr ein Gewinnspiel, indem er bei Teilnahme per SMS seine Mobilnummer, bei Teilnahme per Telefon seine Telefonnummer, oder bei Gratisteilnahme die erforderlichen Daten preisgibt. Der Teilnehmer erkl\u00e4rt sich durch diese Registrierung damit einverstanden, dass der Gewinnspielbetreiber alle Daten f\u00fcr die Dauer des Gewinnspiels und \u00fcber diesen Zeitraum hinaus speichert.<br \/>\n<\/span><\/p>\n<p><span style=\"font-weight: 400;\">(2) Der Gewinnspielbetreiber verpflichtet sich, f\u00fcr die registrierten Daten der Teilnehmer die datenschutzrechtlichen Vorgaben einzuhalten. Die Daten der Teilnehmer werden vertraulich behandelt. Die erhobenen Daten k\u00f6nnen vom Gewinnspielbetreiber, dessen Tochtergesellschaften sowie von den Kooperationspartnern des entsprechenden Gewinnspiels zu Marktforschungs-, Marketing- und Werbezwecken genutzt werden.<br \/>\n<\/span><\/p>\n<p><span style=\"font-weight: 400;\">(3) Der Teilnehmer willigt mit der Teilnahme an einem Gewinnspiel ausdr\u00fccklich ein, dass er vom Gewinnspielbetreiber, dessen Tochtergesellschaften oder Kooperationspartnern Werbenachrichten auf unbestimmte Zeit erh\u00e4lt (Post und Telefon). Der Teilnehmer kann jederzeit und kostenlos den Versand von Werbenachrichten unverz\u00fcglich stoppen, indem er dies an den Gewinnspielbetreiber oder dessen Kooperationspartnern mitteilt (telefonisch, per E-Mail, per Post, etc.).<\/span><\/p>\n<p><span style=\"font-weight: 400;\"><br \/>\n(4) Der Teilnehmer willigt hiermit ein, dass im Rahmen eines Gewinnspiel sein Name, Nickname, Wohnort, ein von ihm heraufgeladenes Bild bzw. Icon und sein Alter gem\u00e4ss \u00a7 4 (5) publiziert werden k\u00f6nnen.<\/span><\/p>\n<p><span style=\"font-weight: 400;\"><br \/>\n(5) Die ausf\u00fchrlichen Datenschutzbestimmungen und weitere Informationen zum Umgang mit Personendaten finden Sie hier. Bez\u00fcglich OneLog finden zus\u00e4tzlich die Datenschutzbestimmungen von OneLog Anwendung.<br \/>\n<\/span><\/p>\n<h3><span style=\"font-weight: 400;\"><strong>\u00a78 Haftung<\/strong><br \/>\n<\/span><\/h3>\n<p><span style=\"font-weight: 400;\">(1) Der Gewinnspielbetreiber wird mit Aush\u00e4ndigung resp. der Postaufgabe des Gewinns an den Gewinner von allen Verpflichtungen frei. Der Gewinnspielbetreiber haftet nicht f\u00fcr Verluste, Versp\u00e4tungen oder Besch\u00e4digungen, welche dem Gewinn auf dem Post- oder Transportweg zukommen und welche durch Umst\u00e4nde herbeigef\u00fchrt werden, welche ausserhalb seines Verantwortungsbereich liegen. Der Gewinnspielbetreiber haftet nicht f\u00fcr Rechts- und\/oder Sachm\u00e4ngel des Gewinns.<br \/>\n<\/span><\/p>\n<p><span style=\"font-weight: 400;\">(2) Die Bekanntgabe der Gewinner erfolgt ohne Gew\u00e4hr.<br \/>\n<\/span><\/p>\n<p><span style=\"font-weight: 400;\">(3) Es wird keine Haftung \u00fcbernommen f\u00fcr verlorene, besch\u00e4digte, fehlgeleitete, falsche oder versp\u00e4tete Teilnahmeeintragungen, sowie f\u00fcr etwaige technische Schwierigkeiten, die das Endresultat des Gewinnspiels oder die Teilnahme beeinflussen k\u00f6nnte.<br \/>\n<\/span><\/p>\n<p><span style=\"font-weight: 400;\">(4) Im Zusammenhang mit Veranstaltungen haftet der Gewinnspielbetreiber nicht f\u00fcr Absagen, Verschiebungen oder sonstige Einschr\u00e4nkungen, die durch Ereignisse h\u00f6herer Gewalt oder beh\u00f6rdliche Massnahmen (z.B. Sicherheitsauflagen, gesundheitspolizeiliche Anordnungen) verursacht werden. Zudem ist jegliche Haftung ausgeschlossen, wenn die Gewinnerin bzw. der Gewinner die (beh\u00f6rdlichen oder veranstalterspezifischen) Zutrittsvoraussetzungen nicht erf\u00fcllt.<br \/>\n<\/span><\/p>\n<h3><span style=\"font-weight: 400;\"><strong>\u00a79 Zus\u00e4tzliche Bestimmungen f\u00fcr Gewinnspiele \u00fcber Meta und LinkedIn<\/strong><br \/>\n<\/span><\/h3>\n<p><span style=\"font-weight: 400;\">(1) Bei Gewinnspielen \u00fcber bspw. die Meta-Plattformen Facebook und Instagram oder \u00fcber LinkedIn (nachfolgend je \u201cPlattform\u201d) steht das jeweilige Gewinnspiel in keiner Verbindung zur jeweiligen Plattform und wird in keiner Weise von der jeweiligen Plattform gesponsert, unterst\u00fctzt oder organisiert. S\u00e4mtliche Fragen, Kommentare oder Beschwerden zum Gewinnspiel sind an den Gewinnspielbetreiber zu richten. Der Gewinnspielbetreiber stellt die jeweilige Plattform von Anspr\u00fcchen Dritter im Zusammenhang mit dem Gewinnspiel \/ der Verlosung frei.<\/span><\/p>\n<p><span style=\"font-weight: 400;\"><br \/>\n(2) Preise, Teilnahmeregeln und Teilnahmeschluss werden im jeweiligen Post oder auf der Landingpage erkl\u00e4rt. Die Gewinner werden &#8211; je nach Gewinnspiel und Teilnahmeregeln &#8211; via die Plattform oder per E-Mail kontaktiert und gebeten, ihre Kontaktdaten per PN oder E-Mail (falls noch nicht vorhanden) an den Gewinnspielbetreiber zu senden. <\/span><\/p>\n<p><span style=\"font-weight: 400;\"><br \/>\n<strong>\u00a710 Sonstiges<\/strong><\/span><\/p>\n<p><span style=\"font-weight: 400;\">(1) Der Rechtsweg ist ausgeschlossen.<br \/>\n<\/span><\/p>\n<p><span style=\"font-weight: 400;\">(2) Es wird keine Korrespondenz gef\u00fchrt.<br \/>\n<\/span><\/p>\n<p><span style=\"font-weight: 400;\">(3) Alle im Zusammenhang mit dem Gewinn eines Preises verbundenen Kosten, Steuern und Geb\u00fchren tr\u00e4gt der Gewinner.<br \/>\n<\/span><\/p>\n<p><span style=\"font-weight: 400;\">(4) Die Teilnahmebedingungen unterliegen ausschliesslich dem Schweizer Recht.<br \/>\n<\/span><\/p>\n<p><span style=\"font-weight: 400;\">(5) Sollten einzelne Bestimmungen der Teilnahmebedingungen ung\u00fcltig sein oder werden, bleibt die G\u00fcltigkeit der \u00fcbrigen Teilnahmebedingungen davon unber\u00fchrt.<\/span><\/p>\n<p><span style=\"font-weight: 400;\">(6) Die Teilnahmebedingungen k\u00f6nnen jederzeit vom Gewinnspielbetreiber ohne gesonderte Benachrichtigung ge\u00e4ndert werden.<br \/>\n<\/span><\/p>\n<p><span style=\"font-weight: 400;\">Datum: 4. M\u00e4rz 2026<br \/>\n<\/span><\/p>\n<h3><strong>Kontakt<\/strong><\/h3>\n<p><span style=\"font-weight: 400;\">Ringier AG<br \/>\nRingier Medien Schweiz<br \/>\n<\/span><span style=\"font-weight: 400;\">\u00abGewinnspiele\u00bb<br \/>\nDufourstrasse 23<br \/>\nCH-8008 Z\u00fcrich<\/span><\/p>\n","protected":false},"excerpt":{"rendered":"<p>Teilnahmebedingungen Gewinnspiele von Ringier AG &nbsp; Ringier AG, Ringier Medien Schweiz, bietet selber oder in Zusammenarbeit mit Kooperationspartnern verschiedene Gewinnspiele an. Je nach Gewinnspiel k\u00f6nnen als Gewinnspielbetreiber jeweils Ringier AG selbst, sowie aber einer oder auch mehrere der Kooperationspartner direkt auftreten. Nachfolgend wird die f\u00fcr die Durchf\u00fchrung eines Gewinnspiels verantwortliche Partei als \u00abGewinnspielbetreiber\u00bb bezeichnet. Die [&hellip;]<\/p>\n","protected":false},"author":5,"featured_media":0,"parent":0,"menu_order":0,"comment_status":"closed","ping_status":"closed","template":"","meta":{"inline_featured_image":false},"product":[],"class_list":["post-413","page","type-page","status-publish","hentry"],"yoast_head":"<!-- This site is optimized with the Yoast SEO Premium plugin v25.5 (Yoast SEO v25.8) - https:\/\/yoast.com\/wordpress\/plugins\/seo\/ -->\n<title>Teilnahmebedingungen Gewinnspiele - Ringier Media Switzerland<\/title>\n<meta name=\"robots\" content=\"index, follow, max-snippet:-1, max-image-preview:large, max-video-preview:-1\" \/>\n<link rel=\"canonical\" href=\"https:\/\/www.ringiermedienschweiz.ch\/de\/gewinnspiel-teilnahmebedingungen\/\" \/>\n<meta property=\"og:locale\" content=\"de_DE\" \/>\n<meta property=\"og:type\" content=\"article\" \/>\n<meta property=\"og:title\" content=\"Teilnahmebedingungen Gewinnspiele\" \/>\n<meta property=\"og:description\" content=\"Teilnahmebedingungen Gewinnspiele von Ringier AG &nbsp; Ringier AG, Ringier Medien Schweiz, bietet selber oder in Zusammenarbeit mit Kooperationspartnern verschiedene Gewinnspiele an. Je nach Gewinnspiel k\u00f6nnen als Gewinnspielbetreiber jeweils Ringier AG selbst, sowie aber einer oder auch mehrere der Kooperationspartner direkt auftreten. Nachfolgend wird die f\u00fcr die Durchf\u00fchrung eines Gewinnspiels verantwortliche Partei als \u00abGewinnspielbetreiber\u00bb bezeichnet. Die [&hellip;]\" \/>\n<meta property=\"og:url\" content=\"https:\/\/www.ringiermedienschweiz.ch\/de\/gewinnspiel-teilnahmebedingungen\/\" \/>\n<meta property=\"og:site_name\" content=\"Ringier Media Switzerland\" \/>\n<meta property=\"article:modified_time\" content=\"2026-03-04T09:02:37+00:00\" \/>\n<meta name=\"twitter:card\" content=\"summary_large_image\" \/>\n<meta name=\"twitter:label1\" content=\"Gesch\u00e4tzte Lesezeit\" \/>\n\t<meta name=\"twitter:data1\" content=\"9 Minuten\" \/>\n<script type=\"application\/ld+json\" class=\"yoast-schema-graph\">{\"@context\":\"https:\/\/schema.org\",\"@graph\":[{\"@type\":\"WebPage\",\"@id\":\"https:\/\/www.ringiermedienschweiz.ch\/de\/gewinnspiel-teilnahmebedingungen\/\",\"url\":\"https:\/\/www.ringiermedienschweiz.ch\/de\/gewinnspiel-teilnahmebedingungen\/\",\"name\":\"Teilnahmebedingungen Gewinnspiele - Ringier Media Switzerland\",\"isPartOf\":{\"@id\":\"https:\/\/www.ringiermedienschweiz.ch\/de\/#website\"},\"datePublished\":\"2024-03-25T14:31:58+00:00\",\"dateModified\":\"2026-03-04T09:02:37+00:00\",\"breadcrumb\":{\"@id\":\"https:\/\/www.ringiermedienschweiz.ch\/de\/gewinnspiel-teilnahmebedingungen\/#breadcrumb\"},\"inLanguage\":\"de-DE\",\"potentialAction\":[{\"@type\":\"ReadAction\",\"target\":[\"https:\/\/www.ringiermedienschweiz.ch\/de\/gewinnspiel-teilnahmebedingungen\/\"]}]},{\"@type\":\"BreadcrumbList\",\"@id\":\"https:\/\/www.ringiermedienschweiz.ch\/de\/gewinnspiel-teilnahmebedingungen\/#breadcrumb\",\"itemListElement\":[{\"@type\":\"ListItem\",\"position\":1,\"name\":\"Home\",\"item\":\"https:\/\/www.ringiermedienschweiz.ch\/de\/home\/\"},{\"@type\":\"ListItem\",\"position\":2,\"name\":\"Teilnahmebedingungen Gewinnspiele\"}]},{\"@type\":\"WebSite\",\"@id\":\"https:\/\/www.ringiermedienschweiz.ch\/de\/#website\",\"url\":\"https:\/\/www.ringiermedienschweiz.ch\/de\/\",\"name\":\"Ringier Media Switzerland\",\"description\":\"We inform. We entertain. We connect\",\"potentialAction\":[{\"@type\":\"SearchAction\",\"target\":{\"@type\":\"EntryPoint\",\"urlTemplate\":\"https:\/\/www.ringiermedienschweiz.ch\/de\/?s={search_term_string}\"},\"query-input\":{\"@type\":\"PropertyValueSpecification\",\"valueRequired\":true,\"valueName\":\"search_term_string\"}}],\"inLanguage\":\"de-DE\"}]}<\/script>\n<!-- \/ Yoast SEO Premium plugin. -->","yoast_head_json":{"title":"Teilnahmebedingungen Gewinnspiele - Ringier Media Switzerland","robots":{"index":"index","follow":"follow","max-snippet":"max-snippet:-1","max-image-preview":"max-image-preview:large","max-video-preview":"max-video-preview:-1"},"canonical":"https:\/\/www.ringiermedienschweiz.ch\/de\/gewinnspiel-teilnahmebedingungen\/","og_locale":"de_DE","og_type":"article","og_title":"Teilnahmebedingungen Gewinnspiele","og_description":"Teilnahmebedingungen Gewinnspiele von Ringier AG &nbsp; Ringier AG, Ringier Medien Schweiz, bietet selber oder in Zusammenarbeit mit Kooperationspartnern verschiedene Gewinnspiele an. Je nach Gewinnspiel k\u00f6nnen als Gewinnspielbetreiber jeweils Ringier AG selbst, sowie aber einer oder auch mehrere der Kooperationspartner direkt auftreten. Nachfolgend wird die f\u00fcr die Durchf\u00fchrung eines Gewinnspiels verantwortliche Partei als \u00abGewinnspielbetreiber\u00bb bezeichnet. Die [&hellip;]","og_url":"https:\/\/www.ringiermedienschweiz.ch\/de\/gewinnspiel-teilnahmebedingungen\/","og_site_name":"Ringier Media Switzerland","article_modified_time":"2026-03-04T09:02:37+00:00","twitter_card":"summary_large_image","twitter_misc":{"Gesch\u00e4tzte Lesezeit":"9 Minuten"},"schema":{"@context":"https:\/\/schema.org","@graph":[{"@type":"WebPage","@id":"https:\/\/www.ringiermedienschweiz.ch\/de\/gewinnspiel-teilnahmebedingungen\/","url":"https:\/\/www.ringiermedienschweiz.ch\/de\/gewinnspiel-teilnahmebedingungen\/","name":"Teilnahmebedingungen Gewinnspiele - Ringier Media Switzerland","isPartOf":{"@id":"https:\/\/www.ringiermedienschweiz.ch\/de\/#website"},"datePublished":"2024-03-25T14:31:58+00:00","dateModified":"2026-03-04T09:02:37+00:00","breadcrumb":{"@id":"https:\/\/www.ringiermedienschweiz.ch\/de\/gewinnspiel-teilnahmebedingungen\/#breadcrumb"},"inLanguage":"de-DE","potentialAction":[{"@type":"ReadAction","target":["https:\/\/www.ringiermedienschweiz.ch\/de\/gewinnspiel-teilnahmebedingungen\/"]}]},{"@type":"BreadcrumbList","@id":"https:\/\/www.ringiermedienschweiz.ch\/de\/gewinnspiel-teilnahmebedingungen\/#breadcrumb","itemListElement":[{"@type":"ListItem","position":1,"name":"Home","item":"https:\/\/www.ringiermedienschweiz.ch\/de\/home\/"},{"@type":"ListItem","position":2,"name":"Teilnahmebedingungen Gewinnspiele"}]},{"@type":"WebSite","@id":"https:\/\/www.ringiermedienschweiz.ch\/de\/#website","url":"https:\/\/www.ringiermedienschweiz.ch\/de\/","name":"Ringier Media Switzerland","description":"We inform. We entertain. We connect","potentialAction":[{"@type":"SearchAction","target":{"@type":"EntryPoint","urlTemplate":"https:\/\/www.ringiermedienschweiz.ch\/de\/?s={search_term_string}"},"query-input":{"@type":"PropertyValueSpecification","valueRequired":true,"valueName":"search_term_string"}}],"inLanguage":"de-DE"}]}},"_links":{"self":[{"href":"https:\/\/www.ringiermedienschweiz.ch\/de\/wp-json\/wp\/v2\/pages\/413","targetHints":{"allow":["GET"]}}],"collection":[{"href":"https:\/\/www.ringiermedienschweiz.ch\/de\/wp-json\/wp\/v2\/pages"}],"about":[{"href":"https:\/\/www.ringiermedienschweiz.ch\/de\/wp-json\/wp\/v2\/types\/page"}],"author":[{"embeddable":true,"href":"https:\/\/www.ringiermedienschweiz.ch\/de\/wp-json\/wp\/v2\/users\/5"}],"replies":[{"embeddable":true,"href":"https:\/\/www.ringiermedienschweiz.ch\/de\/wp-json\/wp\/v2\/comments?post=413"}],"version-history":[{"count":0,"href":"https:\/\/www.ringiermedienschweiz.ch\/de\/wp-json\/wp\/v2\/pages\/413\/revisions"}],"wp:attachment":[{"href":"https:\/\/www.ringiermedienschweiz.ch\/de\/wp-json\/wp\/v2\/media?parent=413"}],"wp:term":[{"taxonomy":"product","embeddable":true,"href":"https:\/\/www.ringiermedienschweiz.ch\/de\/wp-json\/wp\/v2\/product?post=413"}],"curies":[{"name":"wp","href":"https:\/\/api.w.org\/{rel}","templated":true}]}}