{"id":363,"date":"2024-03-05T17:03:15","date_gmt":"2024-03-05T16:03:15","guid":{"rendered":"https:\/\/www.ringiermedienschweiz.ch\/legal-notice\/"},"modified":"2024-03-05T17:56:41","modified_gmt":"2024-03-05T16:56:41","slug":"mentions-legales","status":"publish","type":"page","link":"https:\/\/www.ringiermedienschweiz.ch\/fr\/mentions-legales\/","title":{"rendered":"Mentions l\u00e9gales"},"content":{"rendered":"<div class=\"field-item even\">\n<div class=\"ds-1col entity entity-paragraphs-item paragraphs-item-text background-white view-mode-full_width clearfix\">\n<div class=\"content-wrapper\">\n<div class=\"field field-name-field-text field-type-text-long field-label-hidden\">\n<div class=\"field-items\">\n<div class=\"field-item even\">\n<p><span style=\"font-weight: 400;\">Les contenus du site Web Ringier M\u00e9dias Suisse sont mis \u00e0 jour avec soin et prot\u00e9g\u00e9s par le droit d\u2019auteur. Ringier d\u00e9cline toute responsabilit\u00e9 pour les contenus de liens externes.<\/span><\/p>\n<p><b>Concepts et contenus:<\/b><\/p>\n<ul>\n<li><span style=\"font-weight: 400;\">Ringier Corporate Communications<\/span><\/li>\n<\/ul>\n<p><b>Technology:<\/b><\/p>\n<ul>\n<li><span style=\"font-weight: 400;\">Ringier Afrique du Sud<\/span><\/li>\n<\/ul>\n<p><b>Usability et Design:<\/b><\/p>\n<ul>\n<li style=\"font-weight: 400;\" aria-level=\"1\"><span style=\"font-weight: 400;\">Ringier Afrique du Sud<\/span><\/li>\n<li style=\"font-weight: 400;\" aria-level=\"1\"><span style=\"font-weight: 400;\">FS Parker AG<\/span><\/li>\n<\/ul>\n<p><span style=\"font-weight: 400;\">Pour toute question sur le site Web, veuillez contacter Ringier Corporate Communications<\/span><span style=\"font-weight: 400;\">:<\/span><\/p>\n<p><span style=\"font-weight: 400;\">Ringier AG<br \/>\nC<\/span><span style=\"font-weight: 400;\">orporate Communications<br \/>\n<\/span><span style=\"font-weight: 400;\">Dufourstrasse 23<br \/>\n<\/span><span style=\"font-weight: 400;\">8008 Zurich<\/span><span style=\"font-weight: 400;\"><br \/>\n<\/span><span style=\"font-weight: 400;\">Suisse<\/span><span style=\"font-weight: 400;\"><br \/>\n<\/span><span style=\"font-weight: 400;\">+41 44 259 64 44<\/span><span style=\"font-weight: 400;\"><br \/>\n<\/span><a href=\"mailto:media@ringier.ch\"><span style=\"font-weight: 400;\">media@ringier.ch<\/span><\/a><\/p>\n<p><strong>Si\u00e8ge enregistr\u00e9:<br \/>\n<\/strong><span style=\"font-weight: 400;\">Ringier AG<br \/>\n<\/span><span style=\"font-weight: 400;\">Br\u00fchlstrasse. 5<br \/>\n<\/span><span style=\"font-weight: 400;\">4800 Zofingue<br \/>\n<\/span><span style=\"font-weight: 400;\">Suisse<\/span><\/p>\n<\/div>\n<\/div>\n<\/div>\n<\/div>\n<\/div>\n<\/div>\n","protected":false},"excerpt":{"rendered":"<p>Les contenus du site Web Ringier M\u00e9dias Suisse sont mis \u00e0 jour avec soin et prot\u00e9g\u00e9s par le droit d\u2019auteur. Ringier d\u00e9cline toute responsabilit\u00e9 pour les contenus de liens externes. Concepts et contenus: Ringier Corporate Communications Technology: Ringier Afrique du Sud Usability et Design: Ringier Afrique du Sud FS Parker AG Pour toute question sur [&hellip;]<\/p>\n","protected":false},"author":1,"featured_media":0,"parent":0,"menu_order":0,"comment_status":"closed","ping_status":"closed","template":"","meta":{"inline_featured_image":false},"product":[],"class_list":["post-363","page","type-page","status-publish","hentry"],"yoast_head":"<!-- This site is optimized with the Yoast SEO Premium plugin v25.5 (Yoast SEO v25.8) - https:\/\/yoast.com\/wordpress\/plugins\/seo\/ -->\n<title>Mentions l\u00e9gales - Ringier Media Switzerland<\/title>\n<meta name=\"robots\" content=\"index, follow, max-snippet:-1, max-image-preview:large, max-video-preview:-1\" \/>\n<link rel=\"canonical\" href=\"https:\/\/www.ringiermedienschweiz.ch\/fr\/mentions-legales\/\" \/>\n<meta property=\"og:locale\" content=\"fr_FR\" \/>\n<meta property=\"og:type\" content=\"article\" \/>\n<meta property=\"og:title\" content=\"Mentions l\u00e9gales\" \/>\n<meta property=\"og:description\" content=\"Les contenus du site Web Ringier M\u00e9dias Suisse sont mis \u00e0 jour avec soin et prot\u00e9g\u00e9s par le droit d\u2019auteur. Ringier d\u00e9cline toute responsabilit\u00e9 pour les contenus de liens externes. Concepts et contenus: Ringier Corporate Communications Technology: Ringier Afrique du Sud Usability et Design: Ringier Afrique du Sud FS Parker AG Pour toute question sur [&hellip;]\" \/>\n<meta property=\"og:url\" content=\"https:\/\/www.ringiermedienschweiz.ch\/fr\/mentions-legales\/\" \/>\n<meta property=\"og:site_name\" content=\"Ringier Media Switzerland\" \/>\n<meta property=\"article:modified_time\" content=\"2024-03-05T16:56:41+00:00\" \/>\n<meta name=\"twitter:card\" content=\"summary_large_image\" \/>\n<meta name=\"twitter:label1\" content=\"Dur\u00e9e de lecture estim\u00e9e\" \/>\n\t<meta name=\"twitter:data1\" content=\"1 minute\" \/>\n<script type=\"application\/ld+json\" class=\"yoast-schema-graph\">{\"@context\":\"https:\/\/schema.org\",\"@graph\":[{\"@type\":\"WebPage\",\"@id\":\"https:\/\/www.ringiermedienschweiz.ch\/fr\/mentions-legales\/\",\"url\":\"https:\/\/www.ringiermedienschweiz.ch\/fr\/mentions-legales\/\",\"name\":\"Mentions l\u00e9gales - Ringier Media Switzerland\",\"isPartOf\":{\"@id\":\"https:\/\/www.ringiermedienschweiz.ch\/fr\/#website\"},\"datePublished\":\"2024-03-05T16:03:15+00:00\",\"dateModified\":\"2024-03-05T16:56:41+00:00\",\"breadcrumb\":{\"@id\":\"https:\/\/www.ringiermedienschweiz.ch\/fr\/mentions-legales\/#breadcrumb\"},\"inLanguage\":\"fr-FR\",\"potentialAction\":[{\"@type\":\"ReadAction\",\"target\":[\"https:\/\/www.ringiermedienschweiz.ch\/fr\/mentions-legales\/\"]}]},{\"@type\":\"BreadcrumbList\",\"@id\":\"https:\/\/www.ringiermedienschweiz.ch\/fr\/mentions-legales\/#breadcrumb\",\"itemListElement\":[{\"@type\":\"ListItem\",\"position\":1,\"name\":\"Home\",\"item\":\"https:\/\/www.ringiermedienschweiz.ch\/fr\/home\/\"},{\"@type\":\"ListItem\",\"position\":2,\"name\":\"Mentions l\u00e9gales\"}]},{\"@type\":\"WebSite\",\"@id\":\"https:\/\/www.ringiermedienschweiz.ch\/fr\/#website\",\"url\":\"https:\/\/www.ringiermedienschweiz.ch\/fr\/\",\"name\":\"Ringier Media Switzerland\",\"description\":\"We inform. We entertain. We connect\",\"potentialAction\":[{\"@type\":\"SearchAction\",\"target\":{\"@type\":\"EntryPoint\",\"urlTemplate\":\"https:\/\/www.ringiermedienschweiz.ch\/fr\/?s={search_term_string}\"},\"query-input\":{\"@type\":\"PropertyValueSpecification\",\"valueRequired\":true,\"valueName\":\"search_term_string\"}}],\"inLanguage\":\"fr-FR\"}]}<\/script>\n<!-- \/ Yoast SEO Premium plugin. -->","yoast_head_json":{"title":"Mentions l\u00e9gales - Ringier Media Switzerland","robots":{"index":"index","follow":"follow","max-snippet":"max-snippet:-1","max-image-preview":"max-image-preview:large","max-video-preview":"max-video-preview:-1"},"canonical":"https:\/\/www.ringiermedienschweiz.ch\/fr\/mentions-legales\/","og_locale":"fr_FR","og_type":"article","og_title":"Mentions l\u00e9gales","og_description":"Les contenus du site Web Ringier M\u00e9dias Suisse sont mis \u00e0 jour avec soin et prot\u00e9g\u00e9s par le droit d\u2019auteur. Ringier d\u00e9cline toute responsabilit\u00e9 pour les contenus de liens externes. Concepts et contenus: Ringier Corporate Communications Technology: Ringier Afrique du Sud Usability et Design: Ringier Afrique du Sud FS Parker AG Pour toute question sur [&hellip;]","og_url":"https:\/\/www.ringiermedienschweiz.ch\/fr\/mentions-legales\/","og_site_name":"Ringier Media Switzerland","article_modified_time":"2024-03-05T16:56:41+00:00","twitter_card":"summary_large_image","twitter_misc":{"Dur\u00e9e de lecture estim\u00e9e":"1 minute"},"schema":{"@context":"https:\/\/schema.org","@graph":[{"@type":"WebPage","@id":"https:\/\/www.ringiermedienschweiz.ch\/fr\/mentions-legales\/","url":"https:\/\/www.ringiermedienschweiz.ch\/fr\/mentions-legales\/","name":"Mentions l\u00e9gales - Ringier Media Switzerland","isPartOf":{"@id":"https:\/\/www.ringiermedienschweiz.ch\/fr\/#website"},"datePublished":"2024-03-05T16:03:15+00:00","dateModified":"2024-03-05T16:56:41+00:00","breadcrumb":{"@id":"https:\/\/www.ringiermedienschweiz.ch\/fr\/mentions-legales\/#breadcrumb"},"inLanguage":"fr-FR","potentialAction":[{"@type":"ReadAction","target":["https:\/\/www.ringiermedienschweiz.ch\/fr\/mentions-legales\/"]}]},{"@type":"BreadcrumbList","@id":"https:\/\/www.ringiermedienschweiz.ch\/fr\/mentions-legales\/#breadcrumb","itemListElement":[{"@type":"ListItem","position":1,"name":"Home","item":"https:\/\/www.ringiermedienschweiz.ch\/fr\/home\/"},{"@type":"ListItem","position":2,"name":"Mentions l\u00e9gales"}]},{"@type":"WebSite","@id":"https:\/\/www.ringiermedienschweiz.ch\/fr\/#website","url":"https:\/\/www.ringiermedienschweiz.ch\/fr\/","name":"Ringier Media Switzerland","description":"We inform. We entertain. We connect","potentialAction":[{"@type":"SearchAction","target":{"@type":"EntryPoint","urlTemplate":"https:\/\/www.ringiermedienschweiz.ch\/fr\/?s={search_term_string}"},"query-input":{"@type":"PropertyValueSpecification","valueRequired":true,"valueName":"search_term_string"}}],"inLanguage":"fr-FR"}]}},"_links":{"self":[{"href":"https:\/\/www.ringiermedienschweiz.ch\/fr\/wp-json\/wp\/v2\/pages\/363","targetHints":{"allow":["GET"]}}],"collection":[{"href":"https:\/\/www.ringiermedienschweiz.ch\/fr\/wp-json\/wp\/v2\/pages"}],"about":[{"href":"https:\/\/www.ringiermedienschweiz.ch\/fr\/wp-json\/wp\/v2\/types\/page"}],"author":[{"embeddable":true,"href":"https:\/\/www.ringiermedienschweiz.ch\/fr\/wp-json\/wp\/v2\/users\/1"}],"replies":[{"embeddable":true,"href":"https:\/\/www.ringiermedienschweiz.ch\/fr\/wp-json\/wp\/v2\/comments?post=363"}],"version-history":[{"count":0,"href":"https:\/\/www.ringiermedienschweiz.ch\/fr\/wp-json\/wp\/v2\/pages\/363\/revisions"}],"wp:attachment":[{"href":"https:\/\/www.ringiermedienschweiz.ch\/fr\/wp-json\/wp\/v2\/media?parent=363"}],"wp:term":[{"taxonomy":"product","embeddable":true,"href":"https:\/\/www.ringiermedienschweiz.ch\/fr\/wp-json\/wp\/v2\/product?post=363"}],"curies":[{"name":"wp","href":"https:\/\/api.w.org\/{rel}","templated":true}]}}